{"id":33477,"date":"2025-05-01T10:15:41","date_gmt":"2025-05-01T08:15:41","guid":{"rendered":"https:\/\/roboticafestival.it\/2025\/?page_id=33477"},"modified":"2025-05-09T09:46:16","modified_gmt":"2025-05-09T07:46:16","slug":"robotica-educativa-9","status":"publish","type":"page","link":"https:\/\/roboticafestival.it\/2025\/robotica-educativa-9\/","title":{"rendered":"Robotica Educativa 9"},"content":{"rendered":"\t\t<div data-elementor-type=\"wp-page\" data-elementor-id=\"33477\" class=\"elementor elementor-33477\" data-elementor-post-type=\"page\">\n\t\t\t\t\t\t<section class=\"elementor-section elementor-top-section elementor-element elementor-element-6178cab elementor-section-stretched elementor-section-boxed elementor-section-height-default elementor-section-height-default\" data-id=\"6178cab\" data-element_type=\"section\" data-settings=\"{&quot;stretch_section&quot;:&quot;section-stretched&quot;,&quot;background_background&quot;:&quot;classic&quot;}\">\n\t\t\t\t\t\t\t<div class=\"elementor-background-overlay\"><\/div>\n\t\t\t\t\t\t\t<div class=\"elementor-container elementor-column-gap-default\">\n\t\t\t\t\t<div class=\"elementor-column elementor-col-50 elementor-top-column elementor-element elementor-element-994e89d\" data-id=\"994e89d\" data-element_type=\"column\">\n\t\t\t<div class=\"elementor-widget-wrap elementor-element-populated\">\n\t\t\t\t\t\t<div class=\"elementor-element elementor-element-9b1636c elementor-widget elementor-widget-rs-heading\" data-id=\"9b1636c\" data-element_type=\"widget\" data-widget_type=\"rs-heading.default\">\n\t\t\t\t<div class=\"elementor-widget-container\">\n\t\t\t\t\t\n        <div class=\"prelements-heading water__slide_no style4 animate- \">\n        \t<div class=\"title-inner\">        \t\t      \t\t\n\t            <h1 class=\"title\"><span class=\"watermark\">Robotica<\/span>Robotica e Intelligenza Artificiale Educativa<\/h1><span class=\"sub-text\">Laboratori\n<\/span>\t\t\t\t\n\t\t\t\t\t        <\/div>\n\t                <\/div>\n        \t\t\t\t<\/div>\n\t\t\t\t<\/div>\n\t\t\t\t<section class=\"elementor-section elementor-inner-section elementor-element elementor-element-a34b6ad elementor-section-boxed elementor-section-height-default elementor-section-height-default\" data-id=\"a34b6ad\" data-element_type=\"section\">\n\t\t\t\t\t\t<div class=\"elementor-container elementor-column-gap-default\">\n\t\t\t\t\t<div class=\"elementor-column elementor-col-100 elementor-inner-column elementor-element elementor-element-f6bb727\" data-id=\"f6bb727\" data-element_type=\"column\">\n\t\t\t<div class=\"elementor-widget-wrap elementor-element-populated\">\n\t\t\t\t\t\t<div class=\"elementor-element elementor-element-970f310 elementor-widget elementor-widget-text-editor\" data-id=\"970f310\" data-element_type=\"widget\" data-widget_type=\"text-editor.default\">\n\t\t\t\t<div class=\"elementor-widget-container\">\n\t\t\t\t\t\t\t\t\t<p>Laboratori<\/p>\t\t\t\t\t\t\t\t<\/div>\n\t\t\t\t<\/div>\n\t\t\t\t\t<\/div>\n\t\t<\/div>\n\t\t\t\t\t<\/div>\n\t\t<\/section>\n\t\t\t\t\t<\/div>\n\t\t<\/div>\n\t\t\t\t<div class=\"elementor-column elementor-col-50 elementor-top-column elementor-element elementor-element-ece42bd\" data-id=\"ece42bd\" data-element_type=\"column\">\n\t\t\t<div class=\"elementor-widget-wrap\">\n\t\t\t\t\t\t\t<\/div>\n\t\t<\/div>\n\t\t\t\t\t<\/div>\n\t\t<\/section>\n\t\t\t\t<section class=\"elementor-section elementor-top-section elementor-element elementor-element-d05d2c0 elementor-section-stretched elementor-section-content-middle elementor-section-boxed elementor-section-height-default elementor-section-height-default\" data-id=\"d05d2c0\" data-element_type=\"section\" data-settings=\"{&quot;stretch_section&quot;:&quot;section-stretched&quot;,&quot;background_background&quot;:&quot;classic&quot;}\">\n\t\t\t\t\t\t<div class=\"elementor-container elementor-column-gap-default\">\n\t\t\t\t\t<div class=\"elementor-column elementor-col-100 elementor-top-column elementor-element elementor-element-67d8c07\" data-id=\"67d8c07\" data-element_type=\"column\">\n\t\t\t<div class=\"elementor-widget-wrap elementor-element-populated\">\n\t\t\t\t<div class=\"elementor-element elementor-element-88eb36c e-flex e-con-boxed e-con e-parent\" data-id=\"88eb36c\" data-element_type=\"container\" data-settings=\"{&quot;background_background&quot;:&quot;classic&quot;}\">\n\t\t\t\t\t<div class=\"e-con-inner\">\n\t\t\t\t<div class=\"elementor-element elementor-element-6e5fac5 elementor-invisible elementor-widget elementor-widget-text-editor\" data-id=\"6e5fac5\" data-element_type=\"widget\" data-settings=\"{&quot;_animation&quot;:&quot;bounce&quot;}\" data-widget_type=\"text-editor.default\">\n\t\t\t\t<div class=\"elementor-widget-container\">\n\t\t\t\t\t\t\t\t\t<p><b><i>9 MAGGIO, STAZIONE LEOPOLDA<\/i><\/b><\/p>\t\t\t\t\t\t\t\t<\/div>\n\t\t\t\t<\/div>\n\t\t\t\t\t<\/div>\n\t\t\t\t<\/div>\n\t\t\t\t<div class=\"elementor-element elementor-element-18f0f2c elementor-widget elementor-widget-rs-heading\" data-id=\"18f0f2c\" data-element_type=\"widget\" data-widget_type=\"rs-heading.default\">\n\t\t\t\t<div class=\"elementor-widget-container\">\n\t\t\t\t\t\n        <div class=\"prelements-heading water__slide_ default animate-style1 \">\n        \t<div class=\"title-inner\">        \t\t      \t\t\n\t            \t\t\t\t\t\t\t\t\t<div class=\"pre-heading-line1\"><\/div>\n\t\t\t\t\n\t\t\t\t\t        <\/div>\n\t                    \t<div class=\"description\">\n            \t\t<p>\u00a0<\/p><p><strong>LA DESCRIZIONE COMPLETA DEI LABORATORI DI ROBOTICA E INTELLIGENZA ARTIFICIALE EDUCATIVA E' CONSULTABILE ALLA PAGINA EVENTBRITE DEL FESTIVAL DELLA ROBOTICA, DOVE SARA' ANCHE POSSIBILE PRENOTARE LE ATTIVITA' DESIDERATE (<a href=\"https:\/\/www.eventbrite.it\/o\/festival-della-robotica-2025-65137632873\">CLICCA QUI PER ACCEDERE<\/a>).<\/strong><\/p><p><strong>PROGRAMMA<\/strong><\/p><p><strong>09:00<\/strong> <em>Di cosa parliamo quando parliamo di robot? Idee e falsi miti<\/em><br \/>A cura di: <strong>Cecilia Roselli<\/strong> e <a href=\"https:\/\/roboticafestival.it\/2025\/partecipanti\/zagni-nicola-universita-degli-studi-di-milano-bicocca\/\"><strong>Nicola Zagni<\/strong><\/a> del RobotiCSS Lab, Dipartimento di Scienze Umane per la Formazione \u201cRiccardo Massa\u201d, Universit\u00e0 degli Studi di Milano-Bicocca (Milano, Italia) <a href=\"https:\/\/www.eventbrite.it\/e\/biglietti-di-cosa-parliamo-quando-parliamo-di-robot-idee-e-falsi-miti-1304009400219?aff=oddtdtcreator\">PRENOTA<\/a><\/p><p><strong>09:00 | 15:00<\/strong> <em>Estetica e robotica - Un laboratorio interdisciplinare per insegnanti<\/em><br \/>A cura di: <a href=\"https:\/\/roboticafestival.it\/2025\/partecipanti\/mondada-francesco-epfl-ecole-polytechnique-federale-de-lausanne\/\"><strong>Francesco Mondada<\/strong><\/a> e <a href=\"https:\/\/roboticafestival.it\/2025\/partecipanti\/lecina-manuel-bernal-epfl-ecole-polytechnique-federale-de-lausanne\/\"><strong>Manuel Bernal Lecina<\/strong><\/a>, EPFL, Ecole Polytechnique F\u00e9d\u00e9rale de Lausanne, BFH Bern, University of Applied Sciences, PHBern, P\u00e4dagogische Hochschule, UniBe, University of Berne BeLearn <a href=\"https:\/\/www.eventbrite.it\/e\/biglietti-estetica-e-robotica-1312971195189?aff=oddtdtcreator\">PRENOTA<\/a><\/p><p><strong>09:00 | 11:00<\/strong> <em>Intelligenza artificiale con MachineLearningForKids<\/em><br \/>A cura di: <strong>Pisa CoderDojo<\/strong> \/ Dipartimento di Informatica, Universit\u00e0 di Pisa (<a href=\"http:\/\/pisa.coderdojo.it\">pisa.coderdojo.it<\/a>) <a href=\"https:\/\/www.eventbrite.it\/e\/biglietti-intelligenza-artificiale-con-machinelearningforkids-1313763294379?aff=oddtdtcreator\">PRENOTA<\/a><\/p><p><strong>09:00 | 11:00 | 15:00<\/strong> <em>Quel filo che unisce<\/em><br \/>A cura di: la Mirabilis Teatro societas (<strong><a href=\"https:\/\/roboticafestival.it\/2025\/partecipanti\/minestrella-luciano-la-mirabilis-teatro-societas\/\">Luciano Minestrella<\/a>, <a href=\"https:\/\/roboticafestival.it\/2025\/partecipanti\/barbaresi-marga\/\">Marga Barbaresi<\/a> e <a href=\"https:\/\/roboticafestival.it\/2025\/partecipanti\/minestrella-vera-la-mirabilis-teatro-societas\/\">Visualizza<\/a><\/strong>) <a href=\"https:\/\/www.eventbrite.it\/e\/biglietti-quel-filo-che-unisce-per-scolaresche-1313810826549?aff=oddtdtcreator\">PRENOTA mattina<\/a><br \/><a href=\"https:\/\/www.eventbrite.it\/e\/biglietti-quel-filo-che-unisce-1313835259629?aff=oddtdtcreator\">PRENOTA pomeriggio<\/a><\/p><p><strong>10:30<\/strong> <em>Roboetologia: spiegare e comprendere i robot<\/em><br \/>A cura di: <strong>Cecilia Roselli<\/strong> e <a href=\"https:\/\/roboticafestival.it\/2025\/partecipanti\/zagni-nicola-universita-degli-studi-di-milano-bicocca\/\"><strong>Nicola Zagni<\/strong><\/a> del RobotiCSS Lab, Dipartimento di Scienze Umane per la Formazione \u201cRiccardo Massa\u201d, Universit\u00e0 degli Studi di Milano-Bicocca (Milano, Italia) <a href=\"https:\/\/www.eventbrite.it\/e\/biglietti-roboetologia-spiegare-e-comprendere-i-robot-1304007875659?aff=oddtdtcreator\">PRENOTA<\/a><\/p><p><strong>11:00<\/strong> <em>Robot e favole - Per docenti della scuola dell'infanzia, primaria e secondaria di primo grado<\/em><br \/>A cura di: <strong>Pietro Alberti, <\/strong>CampuStore. <a href=\"https:\/\/www.eventbrite.it\/e\/biglietti-robot-e-favole-1313769402649?aff=oddtdtcreator\">PRENOTA<\/a><\/p><p><strong>12:00<\/strong> <em>Mille modi di dire industria 5.0<\/em><br \/>A cura di : Pietro Alberti, CampuStore <a href=\"https:\/\/www.eventbrite.it\/e\/biglietti-mille-modi-di-dire-industria-50-1313769803849?aff=oddtdtcreator\">PRENOTA<\/a><\/p><p><strong>14:30<\/strong> <em>Arduino e robotica: costruiamo e programmiamo il nostro robot<\/em><br \/>A cura di: <strong>Pisa CoderDojo<\/strong> \/ Dipartimento di Informatica, Universit\u00e0 di Pisa (<a href=\"http:\/\/pisa.coderdojo.it\">pisa.coderdojo.it<\/a>) <a href=\"https:\/\/www.eventbrite.it\/e\/biglietti-arduino-e-robotica-costruiamo-e-programmiamo-il-nostro-robot-1313766293349?aff=oddtdtcreator\">PRENOTA<\/a><\/p><p>Tutti i laboratori sono <strong>gratuiti<\/strong>.<\/p><p>Nella mattinata sar\u00e0 possibile partecipare ai laboratori e alle dimostrazioni organizzate dagli <strong>studenti delle<\/strong> <strong>scuole<\/strong> e con la collaborazione della rete <a href=\"https:\/\/www.scuolafutura.toscana.it\/home\/robotoscana\/\">ROBOTOSCANA<\/a> (referente: <strong>Valeria Matteini<\/strong>, USR Toscana).<\/p><p><strong>09:00 | 11:00<\/strong> <em>EcoBot AI<\/em><br \/>A cura degli studenti della <strong>Scuola Secondaria di Primo Grado di Riglione, IC Gamerra (PI)<\/strong>. Educatori: <strong>Filomena Cangianiello, Claudia Di Sante<\/strong>, Supporto tecnico\/organizzativo EFT: <strong>Giovanni Silvestro<\/strong><br \/><a href=\"https:\/\/www.eventbrite.it\/e\/biglietti-ecobot-ai-1302948747779?aff=oddtdtcreator\">PRENOTA<\/a><\/p><p><strong>09:00<\/strong> <em>Dimostrazione di \u201cMarty the robot\u201d<\/em><br \/>A cura degli studenti della <strong>classe 4D scuola primaria Vera Vassalle (IC Marco Polo Viani<\/strong>) Viareggio (LU). Educatorice: <a href=\"https:\/\/roboticafestival.it\/2025\/partecipanti\/tamburini-federica-ic-marco-polo-viani-viareggio\/\"><strong>Federica Tamburini<\/strong><\/a><br \/><a href=\"https:\/\/www.eventbrite.it\/e\/biglietti-dimostrazione-di-marty-the-robot-1303943061799?aff=oddtdtcreator\">PRENOTA<\/a><\/p><p><strong>09:15 | 11:15<\/strong> <em>Robotica educativa con i blocchi programmabili di SAM Labs<\/em><br \/>A cura degli studenti dell'<strong>Istituto Comprensivo \u201cDante Alighieri\u201d<\/strong>, Aulla (MS). Educatori: <strong><a href=\"https:\/\/roboticafestival.it\/2025\/partecipanti\/meucci-andrea-istituto-comprensivo-dante-alighieri-aulla\/\">Andrea Meucci<\/a>\u00a0<\/strong> e <a href=\"https:\/\/roboticafestival.it\/2025\/partecipanti\/albertoni-fleana\/\"><strong>Fleana Albertoni<\/strong><\/a><br \/><a href=\"https:\/\/www.eventbrite.it\/e\/biglietti-robotica-educativa-con-i-blocchi-programmabili-di-sam-labs-1303979199889?aff=oddtdtcreator\">PRENOTA<\/a><\/p><p><strong>09:30 | 10:15 | 11:00 | 11:45<\/strong> <em>Entra nel quadro e prova a uscire<\/em><br \/>A cura degli studenti dell'<strong>Istituto Comprensivo Baccio Da Montelupo<\/strong> (FI). Educatori: <a href=\"https:\/\/roboticafestival.it\/2025\/partecipanti\/rosano-sabrina\/\"><strong>Sabrina Rosano<\/strong><\/a> e <strong>Monica Landi<\/strong><br \/><a href=\"https:\/\/www.eventbrite.it\/e\/biglietti-entra-nel-quadro-e-prova-a-uscire-1303950804959?aff=oddtdtcreator\">PRENOTA<\/a><\/p><p><strong>09:30 | 11:00<\/strong> <em>Alla scoperta della robotica con i Ranakid<\/em><br \/>A cura degli studenti della <strong>Scuola Secondaria di Primo Grado di Paganico dell'Istituto Comprensivo Tozzi Paganico<\/strong> (GR). Educatori: <strong>Sabrina Rosano<\/strong> e <a href=\"https:\/\/roboticafestival.it\/2025\/partecipanti\/landi-marco-ilmaf-intelligent-lab-for-the-monitoring-of-agri-food\/\"><strong>Monica Landi<\/strong><\/a><br \/><a href=\"https:\/\/www.eventbrite.it\/e\/biglietti-alla-scoperta-della-robotica-con-i-ranakid-1303962570149?aff=oddtdtcreator\">PRENOTA<\/a><\/p><p><strong>09:30<\/strong> <em>First Lego League<\/em><br \/>A cura degli studenti della <strong>Scuola Secondaria I Grado \u201cL. Bezzini\u201d<\/strong> di Donoratico (LI). Educatori: <a href=\"https:\/\/roboticafestival.it\/2025\/partecipanti\/martelli-samuele-i-c-borsi-di-castagneto-carducci\/\"><strong>Samuele Martelli<\/strong><\/a> e Pietro <strong>Malfanti<\/strong><br \/><a href=\"https:\/\/www.eventbrite.it\/e\/biglietti-first-lego-league-1306639045559?aff=oddtdtcreator\">PRENOTA<\/a><\/p><p><strong>10:00 | 12:00<\/strong> <em>Robotica creativa<\/em><br \/>A cura degli studenti dell'<strong>Istituto Comprensivo Gamerra: Scuola Secondaria di Primo Grado di Riglione<\/strong> (PI). Educatori: <strong>Filomena Cangianiello, Claudia Di Sante<\/strong>, Supporto tecnico\/organizzativo EFT: <strong>Giovanni Silvestro<\/strong><br \/><a href=\"https:\/\/www.eventbrite.it\/e\/biglietti-robotica-creativa-1303916632749?aff=oddtdtcreator\">PRENOTA<\/a><\/p><p><strong>10:00 | 11:00 | 12:00<\/strong> <em>Robotica? Obiettivo raggiunto!<\/em><br \/>A cura degli studenti e docenti della <strong>Scuola secondaria di I grado R. Brogi di Sesto Fiorentino<\/strong> (FI) e piccola rappresentanza di alunni della <strong>classe 4\u00b0 B Balducci primaria<\/strong> Educatori: <strong>Carmela Marchica, Valentina Barbetti, <a href=\"https:\/\/roboticafestival.it\/2025\/partecipanti\/tinacci-lorenzo\/\">Lorenzo Tinacci<\/a>, Laura Duranti<\/strong><br \/><a href=\"https:\/\/www.eventbrite.it\/e\/biglietti-robotica-obiettivo-raggiunto-1303940504149?aff=oddtdtcreator\">PRENOTA<\/a><\/p><p><strong>10:15 | 12:15<\/strong> <em>Progetti di piccoli robot e attivit\u00e0 di scienze con Arduino<\/em><br \/>A cura degli studenti dell'<strong>Istituto Comprensivo \u201cDante Alighieri\u201d Aulla <\/strong>(MS). Educatori: <a href=\"https:\/\/roboticafestival.it\/2025\/partecipanti\/meucci-andrea-istituto-comprensivo-dante-alighieri-aulla\/\"><strong>Andrea Meucci <\/strong><\/a>e <a href=\"https:\/\/roboticafestival.it\/2025\/partecipanti\/albertoni-fleana\/\"><strong>Fleana Albertoni<\/strong><\/a><br \/><a href=\"https:\/\/www.eventbrite.it\/e\/biglietti-progetti-di-piccoli-robot-e-attivita-di-scienze-con-arduino-1316413400919?aff=oddtdtcreator\">PRENOTA<\/a><\/p><p><strong>11:00<\/strong> <em>Gara di cavallette<\/em><br \/>A cura degli studenti della <strong>Scuola Secondaria I Grado \u201cL. Bezzini\u201d<\/strong> di Donoratico (LI). Educatori: <strong>Samuele Martelli<\/strong> e <strong>Pietro Malfanti<\/strong><br \/><a href=\"https:\/\/www.eventbrite.it\/e\/biglietti-gara-di-cavallette-1303957184039?aff=oddtdtcreator\">PRENOTA<\/a><\/p>            \t\t\n            \t<\/div>\n        \t        <\/div>\n        \t\t\t\t<\/div>\n\t\t\t\t<\/div>\n\t\t\t\t\t<\/div>\n\t\t<\/div>\n\t\t\t\t\t<\/div>\n\t\t<\/section>\n\t\t\t\t<\/div>\n\t\t","protected":false},"excerpt":{"rendered":"<p>RoboticaRobotica e Intelligenza Artificiale Educativa Laboratori Laboratori 9 MAGGIO, STAZIONE LEOPOLDA \u00a0 LA DESCRIZIONE COMPLETA DEI LABORATORI DI ROBOTICA E INTELLIGENZA ARTIFICIALE EDUCATIVA E&#8217; CONSULTABILE ALLA PAGINA EVENTBRITE DEL FESTIVAL DELLA ROBOTICA, DOVE SARA&#8217; ANCHE POSSIBILE PRENOTARE LE ATTIVITA&#8217; DESIDERATE (CLICCA QUI PER ACCEDERE). PROGRAMMA 09:00 Di cosa parliamo quando parliamo di robot? Idee e&#8230;<\/p>\n","protected":false},"author":2,"featured_media":0,"parent":0,"menu_order":0,"comment_status":"closed","ping_status":"closed","template":"","meta":{"_acf_changed":false,"footnotes":""},"class_list":["post-33477","page","type-page","status-publish","hentry"],"acf":[],"yoast_head":"<!-- This site is optimized with the Yoast SEO plugin v24.7 - https:\/\/yoast.com\/wordpress\/plugins\/seo\/ -->\n<title>Robotica Educativa 9 - Festival della Robotica<\/title>\n<meta name=\"robots\" content=\"index, follow, max-snippet:-1, max-image-preview:large, max-video-preview:-1\" \/>\n<link rel=\"canonical\" href=\"https:\/\/roboticafestival.it\/2025\/robotica-educativa-9\/\" \/>\n<meta property=\"og:locale\" content=\"it_IT\" \/>\n<meta property=\"og:type\" content=\"article\" \/>\n<meta property=\"og:title\" content=\"Robotica Educativa 9 - Festival della Robotica\" \/>\n<meta property=\"og:description\" content=\"RoboticaRobotica e Intelligenza Artificiale Educativa Laboratori Laboratori 9 MAGGIO, STAZIONE LEOPOLDA \u00a0 LA DESCRIZIONE COMPLETA DEI LABORATORI DI ROBOTICA E INTELLIGENZA ARTIFICIALE EDUCATIVA E&#8217; CONSULTABILE ALLA PAGINA EVENTBRITE DEL FESTIVAL DELLA ROBOTICA, DOVE SARA&#8217; ANCHE POSSIBILE PRENOTARE LE ATTIVITA&#8217; DESIDERATE (CLICCA QUI PER ACCEDERE). PROGRAMMA 09:00 Di cosa parliamo quando parliamo di robot? Idee e...\" \/>\n<meta property=\"og:url\" content=\"https:\/\/roboticafestival.it\/2025\/robotica-educativa-9\/\" \/>\n<meta property=\"og:site_name\" content=\"Festival della Robotica\" \/>\n<meta property=\"article:publisher\" content=\"https:\/\/www.facebook.com\/roboticsfestivalpisa\/\" \/>\n<meta property=\"article:modified_time\" content=\"2025-05-09T07:46:16+00:00\" \/>\n<meta name=\"twitter:card\" content=\"summary_large_image\" \/>\n<meta name=\"twitter:label1\" content=\"Tempo di lettura stimato\" \/>\n\t<meta name=\"twitter:data1\" content=\"4 minuti\" \/>\n<script type=\"application\/ld+json\" class=\"yoast-schema-graph\">{\"@context\":\"https:\/\/schema.org\",\"@graph\":[{\"@type\":\"WebPage\",\"@id\":\"https:\/\/roboticafestival.it\/2025\/robotica-educativa-9\/\",\"url\":\"https:\/\/roboticafestival.it\/2025\/robotica-educativa-9\/\",\"name\":\"Robotica Educativa 9 - Festival della Robotica\",\"isPartOf\":{\"@id\":\"https:\/\/roboticafestival.it\/2025\/#website\"},\"datePublished\":\"2025-05-01T08:15:41+00:00\",\"dateModified\":\"2025-05-09T07:46:16+00:00\",\"breadcrumb\":{\"@id\":\"https:\/\/roboticafestival.it\/2025\/robotica-educativa-9\/#breadcrumb\"},\"inLanguage\":\"it-IT\",\"potentialAction\":[{\"@type\":\"ReadAction\",\"target\":[\"https:\/\/roboticafestival.it\/2025\/robotica-educativa-9\/\"]}]},{\"@type\":\"BreadcrumbList\",\"@id\":\"https:\/\/roboticafestival.it\/2025\/robotica-educativa-9\/#breadcrumb\",\"itemListElement\":[{\"@type\":\"ListItem\",\"position\":1,\"name\":\"Home\",\"item\":\"https:\/\/roboticafestival.it\/2025\/\"},{\"@type\":\"ListItem\",\"position\":2,\"name\":\"Robotica Educativa 9\"}]},{\"@type\":\"WebSite\",\"@id\":\"https:\/\/roboticafestival.it\/2025\/#website\",\"url\":\"https:\/\/roboticafestival.it\/2025\/\",\"name\":\"Festival della Robotica\",\"description\":\"Evento di divulgazione scientifica del mondo della tecnologia e dell&#039;innovazione\",\"publisher\":{\"@id\":\"https:\/\/roboticafestival.it\/2025\/#organization\"},\"potentialAction\":[{\"@type\":\"SearchAction\",\"target\":{\"@type\":\"EntryPoint\",\"urlTemplate\":\"https:\/\/roboticafestival.it\/2025\/?s={search_term_string}\"},\"query-input\":{\"@type\":\"PropertyValueSpecification\",\"valueRequired\":true,\"valueName\":\"search_term_string\"}}],\"inLanguage\":\"it-IT\"},{\"@type\":\"Organization\",\"@id\":\"https:\/\/roboticafestival.it\/2025\/#organization\",\"name\":\"Festival della Robotica\",\"url\":\"https:\/\/roboticafestival.it\/2025\/\",\"logo\":{\"@type\":\"ImageObject\",\"inLanguage\":\"it-IT\",\"@id\":\"https:\/\/roboticafestival.it\/2025\/#\/schema\/logo\/image\/\",\"url\":\"https:\/\/roboticafestival.it\/2025\/wp-content\/uploads\/2023\/04\/logo-blue.png\",\"contentUrl\":\"https:\/\/roboticafestival.it\/2025\/wp-content\/uploads\/2023\/04\/logo-blue.png\",\"width\":900,\"height\":685,\"caption\":\"Festival della Robotica\"},\"image\":{\"@id\":\"https:\/\/roboticafestival.it\/2025\/#\/schema\/logo\/image\/\"},\"sameAs\":[\"https:\/\/www.facebook.com\/roboticsfestivalpisa\/\",\"https:\/\/www.instagram.com\/roboticspisa\/\"]}]}<\/script>\n<!-- \/ Yoast SEO plugin. -->","yoast_head_json":{"title":"Robotica Educativa 9 - Festival della Robotica","robots":{"index":"index","follow":"follow","max-snippet":"max-snippet:-1","max-image-preview":"max-image-preview:large","max-video-preview":"max-video-preview:-1"},"canonical":"https:\/\/roboticafestival.it\/2025\/robotica-educativa-9\/","og_locale":"it_IT","og_type":"article","og_title":"Robotica Educativa 9 - Festival della Robotica","og_description":"RoboticaRobotica e Intelligenza Artificiale Educativa Laboratori Laboratori 9 MAGGIO, STAZIONE LEOPOLDA \u00a0 LA DESCRIZIONE COMPLETA DEI LABORATORI DI ROBOTICA E INTELLIGENZA ARTIFICIALE EDUCATIVA E&#8217; CONSULTABILE ALLA PAGINA EVENTBRITE DEL FESTIVAL DELLA ROBOTICA, DOVE SARA&#8217; ANCHE POSSIBILE PRENOTARE LE ATTIVITA&#8217; DESIDERATE (CLICCA QUI PER ACCEDERE). PROGRAMMA 09:00 Di cosa parliamo quando parliamo di robot? Idee e...","og_url":"https:\/\/roboticafestival.it\/2025\/robotica-educativa-9\/","og_site_name":"Festival della Robotica","article_publisher":"https:\/\/www.facebook.com\/roboticsfestivalpisa\/","article_modified_time":"2025-05-09T07:46:16+00:00","twitter_card":"summary_large_image","twitter_misc":{"Tempo di lettura stimato":"4 minuti"},"schema":{"@context":"https:\/\/schema.org","@graph":[{"@type":"WebPage","@id":"https:\/\/roboticafestival.it\/2025\/robotica-educativa-9\/","url":"https:\/\/roboticafestival.it\/2025\/robotica-educativa-9\/","name":"Robotica Educativa 9 - Festival della Robotica","isPartOf":{"@id":"https:\/\/roboticafestival.it\/2025\/#website"},"datePublished":"2025-05-01T08:15:41+00:00","dateModified":"2025-05-09T07:46:16+00:00","breadcrumb":{"@id":"https:\/\/roboticafestival.it\/2025\/robotica-educativa-9\/#breadcrumb"},"inLanguage":"it-IT","potentialAction":[{"@type":"ReadAction","target":["https:\/\/roboticafestival.it\/2025\/robotica-educativa-9\/"]}]},{"@type":"BreadcrumbList","@id":"https:\/\/roboticafestival.it\/2025\/robotica-educativa-9\/#breadcrumb","itemListElement":[{"@type":"ListItem","position":1,"name":"Home","item":"https:\/\/roboticafestival.it\/2025\/"},{"@type":"ListItem","position":2,"name":"Robotica Educativa 9"}]},{"@type":"WebSite","@id":"https:\/\/roboticafestival.it\/2025\/#website","url":"https:\/\/roboticafestival.it\/2025\/","name":"Festival della Robotica","description":"Evento di divulgazione scientifica del mondo della tecnologia e dell&#039;innovazione","publisher":{"@id":"https:\/\/roboticafestival.it\/2025\/#organization"},"potentialAction":[{"@type":"SearchAction","target":{"@type":"EntryPoint","urlTemplate":"https:\/\/roboticafestival.it\/2025\/?s={search_term_string}"},"query-input":{"@type":"PropertyValueSpecification","valueRequired":true,"valueName":"search_term_string"}}],"inLanguage":"it-IT"},{"@type":"Organization","@id":"https:\/\/roboticafestival.it\/2025\/#organization","name":"Festival della Robotica","url":"https:\/\/roboticafestival.it\/2025\/","logo":{"@type":"ImageObject","inLanguage":"it-IT","@id":"https:\/\/roboticafestival.it\/2025\/#\/schema\/logo\/image\/","url":"https:\/\/roboticafestival.it\/2025\/wp-content\/uploads\/2023\/04\/logo-blue.png","contentUrl":"https:\/\/roboticafestival.it\/2025\/wp-content\/uploads\/2023\/04\/logo-blue.png","width":900,"height":685,"caption":"Festival della Robotica"},"image":{"@id":"https:\/\/roboticafestival.it\/2025\/#\/schema\/logo\/image\/"},"sameAs":["https:\/\/www.facebook.com\/roboticsfestivalpisa\/","https:\/\/www.instagram.com\/roboticspisa\/"]}]}},"_links":{"self":[{"href":"https:\/\/roboticafestival.it\/2025\/wp-json\/wp\/v2\/pages\/33477","targetHints":{"allow":["GET"]}}],"collection":[{"href":"https:\/\/roboticafestival.it\/2025\/wp-json\/wp\/v2\/pages"}],"about":[{"href":"https:\/\/roboticafestival.it\/2025\/wp-json\/wp\/v2\/types\/page"}],"author":[{"embeddable":true,"href":"https:\/\/roboticafestival.it\/2025\/wp-json\/wp\/v2\/users\/2"}],"replies":[{"embeddable":true,"href":"https:\/\/roboticafestival.it\/2025\/wp-json\/wp\/v2\/comments?post=33477"}],"version-history":[{"count":46,"href":"https:\/\/roboticafestival.it\/2025\/wp-json\/wp\/v2\/pages\/33477\/revisions"}],"predecessor-version":[{"id":35189,"href":"https:\/\/roboticafestival.it\/2025\/wp-json\/wp\/v2\/pages\/33477\/revisions\/35189"}],"wp:attachment":[{"href":"https:\/\/roboticafestival.it\/2025\/wp-json\/wp\/v2\/media?parent=33477"}],"curies":[{"name":"wp","href":"https:\/\/api.w.org\/{rel}","templated":true}]}}