{"id":32666,"date":"2025-04-24T12:07:28","date_gmt":"2025-04-24T10:07:28","guid":{"rendered":"https:\/\/roboticafestival.it\/2025\/?page_id=32666"},"modified":"2025-05-09T16:53:41","modified_gmt":"2025-05-09T14:53:41","slug":"robotica-e-medicina-3","status":"publish","type":"page","link":"https:\/\/roboticafestival.it\/2025\/robotica-e-medicina-3\/","title":{"rendered":"Robotica e medicina"},"content":{"rendered":"\t\t<div data-elementor-type=\"wp-page\" data-elementor-id=\"32666\" class=\"elementor elementor-32666\" data-elementor-post-type=\"page\">\n\t\t\t\t\t\t<section class=\"elementor-section elementor-top-section elementor-element elementor-element-6178cab elementor-section-stretched elementor-section-boxed elementor-section-height-default elementor-section-height-default\" data-id=\"6178cab\" data-element_type=\"section\" data-settings=\"{&quot;stretch_section&quot;:&quot;section-stretched&quot;,&quot;background_background&quot;:&quot;classic&quot;}\">\n\t\t\t\t\t\t\t<div class=\"elementor-background-overlay\"><\/div>\n\t\t\t\t\t\t\t<div class=\"elementor-container elementor-column-gap-default\">\n\t\t\t\t\t<div class=\"elementor-column elementor-col-50 elementor-top-column elementor-element elementor-element-994e89d\" data-id=\"994e89d\" data-element_type=\"column\">\n\t\t\t<div class=\"elementor-widget-wrap elementor-element-populated\">\n\t\t\t\t\t\t<div class=\"elementor-element elementor-element-9b1636c elementor-widget elementor-widget-rs-heading\" data-id=\"9b1636c\" data-element_type=\"widget\" data-widget_type=\"rs-heading.default\">\n\t\t\t\t<div class=\"elementor-widget-container\">\n\t\t\t\t\t\n        <div class=\"prelements-heading water__slide_no style4 animate- \">\n        \t<div class=\"title-inner\">        \t\t      \t\t\n\t            <h1 class=\"title\"><span class=\"watermark\">Robotica<\/span>Robotica e medicina\n\n\n\n\n<\/h1>\t\t\t\t\n\t\t\t\t\t        <\/div>\n\t                <\/div>\n        \t\t\t\t<\/div>\n\t\t\t\t<\/div>\n\t\t\t\t<div class=\"elementor-element elementor-element-9486344 elementor-widget elementor-widget-heading\" data-id=\"9486344\" data-element_type=\"widget\" data-widget_type=\"heading.default\">\n\t\t\t\t<div class=\"elementor-widget-container\">\n\t\t\t\t\t<h3 class=\"elementor-heading-title elementor-size-default\">Evento Nazionale a cura della Societ\u00e0 Polispecialistica Italiana dei Giovani Chirurghi \n<\/h3>\t\t\t\t<\/div>\n\t\t\t\t<\/div>\n\t\t\t\t\t<\/div>\n\t\t<\/div>\n\t\t\t\t<div class=\"elementor-column elementor-col-50 elementor-top-column elementor-element elementor-element-ece42bd\" data-id=\"ece42bd\" data-element_type=\"column\">\n\t\t\t<div class=\"elementor-widget-wrap\">\n\t\t\t\t\t\t\t<\/div>\n\t\t<\/div>\n\t\t\t\t\t<\/div>\n\t\t<\/section>\n\t\t\t\t<section class=\"elementor-section elementor-top-section elementor-element elementor-element-d05d2c0 elementor-section-stretched elementor-section-content-middle elementor-section-boxed elementor-section-height-default elementor-section-height-default\" data-id=\"d05d2c0\" data-element_type=\"section\" data-settings=\"{&quot;stretch_section&quot;:&quot;section-stretched&quot;,&quot;background_background&quot;:&quot;classic&quot;}\">\n\t\t\t\t\t\t<div class=\"elementor-container elementor-column-gap-default\">\n\t\t\t\t\t<div class=\"elementor-column elementor-col-100 elementor-top-column elementor-element elementor-element-67d8c07\" data-id=\"67d8c07\" data-element_type=\"column\">\n\t\t\t<div class=\"elementor-widget-wrap elementor-element-populated\">\n\t\t\t\t<div class=\"elementor-element elementor-element-88eb36c e-flex e-con-boxed e-con e-parent\" data-id=\"88eb36c\" data-element_type=\"container\" data-settings=\"{&quot;background_background&quot;:&quot;classic&quot;}\">\n\t\t\t\t\t<div class=\"e-con-inner\">\n\t\t\t\t<div class=\"elementor-element elementor-element-6e5fac5 elementor-invisible elementor-widget elementor-widget-text-editor\" data-id=\"6e5fac5\" data-element_type=\"widget\" data-settings=\"{&quot;_animation&quot;:&quot;bounce&quot;}\" data-widget_type=\"text-editor.default\">\n\t\t\t\t<div class=\"elementor-widget-container\">\n\t\t\t\t\t\t\t\t\t<p><em><strong>11 Maggio, Arsenali Repubblicani<\/strong><\/em><\/p>\t\t\t\t\t\t\t\t<\/div>\n\t\t\t\t<\/div>\n\t\t\t\t\t<\/div>\n\t\t\t\t<\/div>\n\t\t\t\t<div class=\"elementor-element elementor-element-18f0f2c elementor-widget elementor-widget-rs-heading\" data-id=\"18f0f2c\" data-element_type=\"widget\" data-widget_type=\"rs-heading.default\">\n\t\t\t\t<div class=\"elementor-widget-container\">\n\t\t\t\t\t\n        <div class=\"prelements-heading water__slide_ default animate-style1 \">\n        \t<div class=\"title-inner\">        \t\t      \t\t\n\t            \t\t\t\t\t\t\t\t\t<div class=\"pre-heading-line1\"><\/div>\n\t\t\t\t\n\t\t\t\t\t        <\/div>\n\t                <\/div>\n        \t\t\t\t<\/div>\n\t\t\t\t<\/div>\n\t\t\t\t<section class=\"elementor-section elementor-inner-section elementor-element elementor-element-a34b6ad elementor-section-boxed elementor-section-height-default elementor-section-height-default\" data-id=\"a34b6ad\" data-element_type=\"section\">\n\t\t\t\t\t\t<div class=\"elementor-container elementor-column-gap-default\">\n\t\t\t\t\t<div class=\"elementor-column elementor-col-100 elementor-inner-column elementor-element elementor-element-f6bb727\" data-id=\"f6bb727\" data-element_type=\"column\">\n\t\t\t<div class=\"elementor-widget-wrap elementor-element-populated\">\n\t\t\t\t\t\t<div class=\"elementor-element elementor-element-970f310 elementor-widget elementor-widget-text-editor\" data-id=\"970f310\" data-element_type=\"widget\" data-widget_type=\"text-editor.default\">\n\t\t\t\t<div class=\"elementor-widget-container\">\n\t\t\t\t\t\t\t\t\t<p>Evento Nazionale a cura della <strong>Societ\u00e0 Polispecialistica Italiana dei Giovani Chirurghi (SPIGC)<\/strong>, aperto a tutti,per consentire ai giovani specialisti in diverse branche chirurgiche, in un contesto di confronto vivace e interattico, di condivisere esperienze e discutere sulle novit\u00e0 e gli sviluppi della chirurgia robotica in vari ambiti.<\/p><p><strong>PROGRAMMA <\/strong><strong>10.00-13.00<\/strong><\/p><p><strong>SFIDE IN CHIRURGIA ROBOTICA \u2013 III parte<\/strong><\/p><p><strong><em>Sfide in Chirurgia gastrointestinale<\/em> <\/strong><br \/>Modera: <a href=\"https:\/\/roboticafestival.it\/2025\/partecipanti\/comandatore-annalisa\/\"><strong>Annalisa Comandatore<\/strong><\/a><\/p><p><a href=\"https:\/\/roboticafestival.it\/2025\/partecipanti\/capovilla-giovanni\/\"><strong>Giovanni Capovilla<\/strong><\/a>: Chirurgia dell\u2019esofago robotica<br \/><a href=\"https:\/\/roboticafestival.it\/2025\/partecipanti\/belia-francesco\/\"><strong>Francesco Belia<\/strong>:<\/a> Gastrectomia totale Robotica<br \/><a href=\"https:\/\/roboticafestival.it\/2025\/partecipanti\/siragusa-leandro-universita-degli-studi-di-roma-tor-vergata\/\"><strong>Leandro Siragusa<\/strong><\/a>: Colectomia Robotica (video)<br \/><strong>Riccardo Masserano<\/strong>: Resezione anteriore del retto robotica<br \/><strong><a href=\"https:\/\/roboticafestival.it\/2025\/partecipanti\/marciano-emanuele\/\">Emanuele Marciano<\/a>, Emanuele Tumino, Domenica Mamone<\/strong><br \/><strong>Azienda Ospedaliero Universitaria Pisana:\u00a0<\/strong>\u201cL\u2019applicazione della colonscopia robotica nella pratica endoscopica: l\u2019esperienza di Pisa\u201d<\/p><p><em><strong>Sfide in chirurgia urologica e di parete <\/strong><\/em><br \/>Modera: <strong><a href=\"https:\/\/roboticafestival.it\/2025\/partecipanti\/vitiello-nicola-iuvo\/\">Marco Vulpi,<\/a> <a href=\"https:\/\/roboticafestival.it\/2025\/partecipanti\/sena-giuseppe-universita-magna-graecia-catanzaro\/\">Giuseppe Sena<\/a><\/strong><\/p><p><a href=\"https:\/\/roboticafestival.it\/2025\/partecipanti\/meneghetti-iacopo-ospedale-apuane-massa\/\"><strong>Iacopo Meneghetti<\/strong><\/a>: Mibc: Cistectomia radicale con preservazione delle funzioni sessuali<br \/><strong><a href=\"https:\/\/roboticafestival.it\/2025\/partecipanti\/vitiello-nicola-iuvo\/\">Marco Vulpi<\/a><\/strong>: Applicazioni del robot Hugo\u2122 &#8211; il sistema Ras per la chirurgia robotica avanzata<br \/><strong><a href=\"https:\/\/roboticafestival.it\/2025\/partecipanti\/sena-giuseppe-universita-magna-graecia-catanzaro\/\">Giuseppe Sena<\/a><\/strong>: La chirurgia robotica nel trattamento dei laparoceli complessi<\/p><p><strong>16:00-18.00<\/strong>: Talk show<br \/>LA SALUTE DEL FUTURO \u00c8 GI\u00c0 QUI: L\u2019INTELLIGENZA ARTIFICIALE AL SERVIZIO DELLA MEDICINA<br \/>(A cura di <a href=\"https:\/\/roboticafestival.it\/2025\/partecipanti\/rizzo-caterina-universita-di-pisa\/\"><strong>Caterina Rizzo<\/strong><\/a>)<\/p><p>DESCRIZIONE: Come l\u2019AI trasformer\u00e0 la Sanit\u00e0 Pubblica? Siamo disposti ad accettare il cambiamento? Si parler\u00e0 di questo e di molto altro<\/p><p>Conduce: <a href=\"https:\/\/roboticafestival.it\/2025\/partecipanti\/romualdi-carlotta\/\"><strong>Carlotta Romualdi<\/strong><\/a><br \/>Modera: <a href=\"https:\/\/roboticafestival.it\/2025\/partecipanti\/rizzo-caterina-universita-di-pisa\/\"><strong>Caterina Rizzo<\/strong><\/a><\/p><p>PROSIT<br \/><a href=\"https:\/\/roboticafestival.it\/2025\/partecipanti\/marchi-guido-universita-di-pisa\/\"><strong>Guido Marchi,<\/strong><\/a> MD, Pneumologo AOUP<br \/><a href=\"https:\/\/roboticafestival.it\/2025\/partecipanti\/coro-florinda\/\"><strong>Florinda Coro<\/strong><\/a>, InsideAI<br \/><a href=\"https:\/\/roboticafestival.it\/2025\/partecipanti\/fanni-salvatore-claudio-universita-di-pisa\/\"><strong>Claudio Salvatore\u00a0Fanni<\/strong><\/a> MD, Radiologo<br \/><strong><a href=\"https:\/\/roboticafestival.it\/2025\/partecipanti\/arzilli-guglielmo\/\">Guglielmo Arzilli<\/a>,<\/strong> MD, Igienista<br \/><a href=\"https:\/\/roboticafestival.it\/2025\/partecipanti\/marciano-emanuele\/\"><strong>Emanuele Marciano<\/strong><\/a>, Direttore U.O. Endoscopia Digestiva, Presidente ISSE (Italian Society for Surgical Endoscopy)<\/p>\t\t\t\t\t\t\t\t<\/div>\n\t\t\t\t<\/div>\n\t\t\t\t\t<\/div>\n\t\t<\/div>\n\t\t\t\t\t<\/div>\n\t\t<\/section>\n\t\t\t\t\t<\/div>\n\t\t<\/div>\n\t\t\t\t\t<\/div>\n\t\t<\/section>\n\t\t\t\t<\/div>\n\t\t","protected":false},"excerpt":{"rendered":"<p>RoboticaRobotica e medicina Evento Nazionale a cura della Societ\u00e0 Polispecialistica Italiana dei Giovani Chirurghi 11 Maggio, Arsenali Repubblicani Evento Nazionale a cura della Societ\u00e0 Polispecialistica Italiana dei Giovani Chirurghi (SPIGC), aperto a tutti,per consentire ai giovani specialisti in diverse branche chirurgiche, in un contesto di confronto vivace e interattico, di condivisere esperienze e discutere sulle&#8230;<\/p>\n","protected":false},"author":4,"featured_media":0,"parent":0,"menu_order":0,"comment_status":"closed","ping_status":"closed","template":"","meta":{"_acf_changed":false,"footnotes":""},"class_list":["post-32666","page","type-page","status-publish","hentry"],"acf":[],"yoast_head":"<!-- This site is optimized with the Yoast SEO plugin v24.7 - https:\/\/yoast.com\/wordpress\/plugins\/seo\/ -->\n<title>Robotica e medicina - Festival della Robotica<\/title>\n<meta name=\"robots\" content=\"index, follow, max-snippet:-1, max-image-preview:large, max-video-preview:-1\" \/>\n<link rel=\"canonical\" href=\"https:\/\/roboticafestival.it\/2025\/robotica-e-medicina-3\/\" \/>\n<meta property=\"og:locale\" content=\"it_IT\" \/>\n<meta property=\"og:type\" content=\"article\" \/>\n<meta property=\"og:title\" content=\"Robotica e medicina - Festival della Robotica\" \/>\n<meta property=\"og:description\" content=\"RoboticaRobotica e medicina Evento Nazionale a cura della Societ\u00e0 Polispecialistica Italiana dei Giovani Chirurghi 11 Maggio, Arsenali Repubblicani Evento Nazionale a cura della Societ\u00e0 Polispecialistica Italiana dei Giovani Chirurghi (SPIGC), aperto a tutti,per consentire ai giovani specialisti in diverse branche chirurgiche, in un contesto di confronto vivace e interattico, di condivisere esperienze e discutere sulle...\" \/>\n<meta property=\"og:url\" content=\"https:\/\/roboticafestival.it\/2025\/robotica-e-medicina-3\/\" \/>\n<meta property=\"og:site_name\" content=\"Festival della Robotica\" \/>\n<meta property=\"article:publisher\" content=\"https:\/\/www.facebook.com\/roboticsfestivalpisa\/\" \/>\n<meta property=\"article:modified_time\" content=\"2025-05-09T14:53:41+00:00\" \/>\n<meta name=\"twitter:card\" content=\"summary_large_image\" \/>\n<meta name=\"twitter:label1\" content=\"Tempo di lettura stimato\" \/>\n\t<meta name=\"twitter:data1\" content=\"2 minuti\" \/>\n<script type=\"application\/ld+json\" class=\"yoast-schema-graph\">{\"@context\":\"https:\/\/schema.org\",\"@graph\":[{\"@type\":\"WebPage\",\"@id\":\"https:\/\/roboticafestival.it\/2025\/robotica-e-medicina-3\/\",\"url\":\"https:\/\/roboticafestival.it\/2025\/robotica-e-medicina-3\/\",\"name\":\"Robotica e medicina - Festival della Robotica\",\"isPartOf\":{\"@id\":\"https:\/\/roboticafestival.it\/2025\/#website\"},\"datePublished\":\"2025-04-24T10:07:28+00:00\",\"dateModified\":\"2025-05-09T14:53:41+00:00\",\"breadcrumb\":{\"@id\":\"https:\/\/roboticafestival.it\/2025\/robotica-e-medicina-3\/#breadcrumb\"},\"inLanguage\":\"it-IT\",\"potentialAction\":[{\"@type\":\"ReadAction\",\"target\":[\"https:\/\/roboticafestival.it\/2025\/robotica-e-medicina-3\/\"]}]},{\"@type\":\"BreadcrumbList\",\"@id\":\"https:\/\/roboticafestival.it\/2025\/robotica-e-medicina-3\/#breadcrumb\",\"itemListElement\":[{\"@type\":\"ListItem\",\"position\":1,\"name\":\"Home\",\"item\":\"https:\/\/roboticafestival.it\/2025\/\"},{\"@type\":\"ListItem\",\"position\":2,\"name\":\"Robotica e medicina\"}]},{\"@type\":\"WebSite\",\"@id\":\"https:\/\/roboticafestival.it\/2025\/#website\",\"url\":\"https:\/\/roboticafestival.it\/2025\/\",\"name\":\"Festival della Robotica\",\"description\":\"Evento di divulgazione scientifica del mondo della tecnologia e dell&#039;innovazione\",\"publisher\":{\"@id\":\"https:\/\/roboticafestival.it\/2025\/#organization\"},\"potentialAction\":[{\"@type\":\"SearchAction\",\"target\":{\"@type\":\"EntryPoint\",\"urlTemplate\":\"https:\/\/roboticafestival.it\/2025\/?s={search_term_string}\"},\"query-input\":{\"@type\":\"PropertyValueSpecification\",\"valueRequired\":true,\"valueName\":\"search_term_string\"}}],\"inLanguage\":\"it-IT\"},{\"@type\":\"Organization\",\"@id\":\"https:\/\/roboticafestival.it\/2025\/#organization\",\"name\":\"Festival della Robotica\",\"url\":\"https:\/\/roboticafestival.it\/2025\/\",\"logo\":{\"@type\":\"ImageObject\",\"inLanguage\":\"it-IT\",\"@id\":\"https:\/\/roboticafestival.it\/2025\/#\/schema\/logo\/image\/\",\"url\":\"https:\/\/roboticafestival.it\/2025\/wp-content\/uploads\/2023\/04\/logo-blue.png\",\"contentUrl\":\"https:\/\/roboticafestival.it\/2025\/wp-content\/uploads\/2023\/04\/logo-blue.png\",\"width\":900,\"height\":685,\"caption\":\"Festival della Robotica\"},\"image\":{\"@id\":\"https:\/\/roboticafestival.it\/2025\/#\/schema\/logo\/image\/\"},\"sameAs\":[\"https:\/\/www.facebook.com\/roboticsfestivalpisa\/\",\"https:\/\/www.instagram.com\/roboticspisa\/\"]}]}<\/script>\n<!-- \/ Yoast SEO plugin. -->","yoast_head_json":{"title":"Robotica e medicina - Festival della Robotica","robots":{"index":"index","follow":"follow","max-snippet":"max-snippet:-1","max-image-preview":"max-image-preview:large","max-video-preview":"max-video-preview:-1"},"canonical":"https:\/\/roboticafestival.it\/2025\/robotica-e-medicina-3\/","og_locale":"it_IT","og_type":"article","og_title":"Robotica e medicina - Festival della Robotica","og_description":"RoboticaRobotica e medicina Evento Nazionale a cura della Societ\u00e0 Polispecialistica Italiana dei Giovani Chirurghi 11 Maggio, Arsenali Repubblicani Evento Nazionale a cura della Societ\u00e0 Polispecialistica Italiana dei Giovani Chirurghi (SPIGC), aperto a tutti,per consentire ai giovani specialisti in diverse branche chirurgiche, in un contesto di confronto vivace e interattico, di condivisere esperienze e discutere sulle...","og_url":"https:\/\/roboticafestival.it\/2025\/robotica-e-medicina-3\/","og_site_name":"Festival della Robotica","article_publisher":"https:\/\/www.facebook.com\/roboticsfestivalpisa\/","article_modified_time":"2025-05-09T14:53:41+00:00","twitter_card":"summary_large_image","twitter_misc":{"Tempo di lettura stimato":"2 minuti"},"schema":{"@context":"https:\/\/schema.org","@graph":[{"@type":"WebPage","@id":"https:\/\/roboticafestival.it\/2025\/robotica-e-medicina-3\/","url":"https:\/\/roboticafestival.it\/2025\/robotica-e-medicina-3\/","name":"Robotica e medicina - Festival della Robotica","isPartOf":{"@id":"https:\/\/roboticafestival.it\/2025\/#website"},"datePublished":"2025-04-24T10:07:28+00:00","dateModified":"2025-05-09T14:53:41+00:00","breadcrumb":{"@id":"https:\/\/roboticafestival.it\/2025\/robotica-e-medicina-3\/#breadcrumb"},"inLanguage":"it-IT","potentialAction":[{"@type":"ReadAction","target":["https:\/\/roboticafestival.it\/2025\/robotica-e-medicina-3\/"]}]},{"@type":"BreadcrumbList","@id":"https:\/\/roboticafestival.it\/2025\/robotica-e-medicina-3\/#breadcrumb","itemListElement":[{"@type":"ListItem","position":1,"name":"Home","item":"https:\/\/roboticafestival.it\/2025\/"},{"@type":"ListItem","position":2,"name":"Robotica e medicina"}]},{"@type":"WebSite","@id":"https:\/\/roboticafestival.it\/2025\/#website","url":"https:\/\/roboticafestival.it\/2025\/","name":"Festival della Robotica","description":"Evento di divulgazione scientifica del mondo della tecnologia e dell&#039;innovazione","publisher":{"@id":"https:\/\/roboticafestival.it\/2025\/#organization"},"potentialAction":[{"@type":"SearchAction","target":{"@type":"EntryPoint","urlTemplate":"https:\/\/roboticafestival.it\/2025\/?s={search_term_string}"},"query-input":{"@type":"PropertyValueSpecification","valueRequired":true,"valueName":"search_term_string"}}],"inLanguage":"it-IT"},{"@type":"Organization","@id":"https:\/\/roboticafestival.it\/2025\/#organization","name":"Festival della Robotica","url":"https:\/\/roboticafestival.it\/2025\/","logo":{"@type":"ImageObject","inLanguage":"it-IT","@id":"https:\/\/roboticafestival.it\/2025\/#\/schema\/logo\/image\/","url":"https:\/\/roboticafestival.it\/2025\/wp-content\/uploads\/2023\/04\/logo-blue.png","contentUrl":"https:\/\/roboticafestival.it\/2025\/wp-content\/uploads\/2023\/04\/logo-blue.png","width":900,"height":685,"caption":"Festival della Robotica"},"image":{"@id":"https:\/\/roboticafestival.it\/2025\/#\/schema\/logo\/image\/"},"sameAs":["https:\/\/www.facebook.com\/roboticsfestivalpisa\/","https:\/\/www.instagram.com\/roboticspisa\/"]}]}},"_links":{"self":[{"href":"https:\/\/roboticafestival.it\/2025\/wp-json\/wp\/v2\/pages\/32666","targetHints":{"allow":["GET"]}}],"collection":[{"href":"https:\/\/roboticafestival.it\/2025\/wp-json\/wp\/v2\/pages"}],"about":[{"href":"https:\/\/roboticafestival.it\/2025\/wp-json\/wp\/v2\/types\/page"}],"author":[{"embeddable":true,"href":"https:\/\/roboticafestival.it\/2025\/wp-json\/wp\/v2\/users\/4"}],"replies":[{"embeddable":true,"href":"https:\/\/roboticafestival.it\/2025\/wp-json\/wp\/v2\/comments?post=32666"}],"version-history":[{"count":15,"href":"https:\/\/roboticafestival.it\/2025\/wp-json\/wp\/v2\/pages\/32666\/revisions"}],"predecessor-version":[{"id":35374,"href":"https:\/\/roboticafestival.it\/2025\/wp-json\/wp\/v2\/pages\/32666\/revisions\/35374"}],"wp:attachment":[{"href":"https:\/\/roboticafestival.it\/2025\/wp-json\/wp\/v2\/media?parent=32666"}],"curies":[{"name":"wp","href":"https:\/\/api.w.org\/{rel}","templated":true}]}}