{"id":30922,"date":"2024-05-16T12:57:25","date_gmt":"2024-05-16T10:57:25","guid":{"rendered":"https:\/\/roboticafestival.it\/2025\/?page_id=30922"},"modified":"2024-05-16T15:53:58","modified_gmt":"2024-05-16T13:53:58","slug":"robotica-e-automazione-per-la-salute","status":"publish","type":"page","link":"https:\/\/roboticafestival.it\/2025\/robotica-e-automazione-per-la-salute\/","title":{"rendered":"Robotica e Automazione per la Salute"},"content":{"rendered":"\t\t<div data-elementor-type=\"wp-page\" data-elementor-id=\"30922\" class=\"elementor elementor-30922\" data-elementor-post-type=\"page\">\n\t\t\t\t\t\t<section class=\"elementor-section elementor-top-section elementor-element elementor-element-6178cab elementor-section-stretched elementor-section-boxed elementor-section-height-default elementor-section-height-default\" data-id=\"6178cab\" data-element_type=\"section\" data-settings=\"{&quot;stretch_section&quot;:&quot;section-stretched&quot;,&quot;background_background&quot;:&quot;classic&quot;}\">\n\t\t\t\t\t\t\t<div class=\"elementor-background-overlay\"><\/div>\n\t\t\t\t\t\t\t<div class=\"elementor-container elementor-column-gap-default\">\n\t\t\t\t\t<div class=\"elementor-column elementor-col-50 elementor-top-column elementor-element elementor-element-994e89d\" data-id=\"994e89d\" data-element_type=\"column\">\n\t\t\t<div class=\"elementor-widget-wrap elementor-element-populated\">\n\t\t\t\t\t\t<div class=\"elementor-element elementor-element-9b1636c elementor-widget elementor-widget-rs-heading\" data-id=\"9b1636c\" data-element_type=\"widget\" data-widget_type=\"rs-heading.default\">\n\t\t\t\t<div class=\"elementor-widget-container\">\n\t\t\t\t\t\n        <div class=\"prelements-heading water__slide_no style4 animate- \">\n        \t<div class=\"title-inner\">        \t\t      \t\t\n\t            <h1 class=\"title\"><span class=\"watermark\">Robotica<\/span>Robotica e Automazione per la Salute<\/h1>\t\t\t\t\n\t\t\t\t\t        <\/div>\n\t                <\/div>\n        \t\t\t\t<\/div>\n\t\t\t\t<\/div>\n\t\t\t\t\t<\/div>\n\t\t<\/div>\n\t\t\t\t<div class=\"elementor-column elementor-col-50 elementor-top-column elementor-element elementor-element-ece42bd\" data-id=\"ece42bd\" data-element_type=\"column\">\n\t\t\t<div class=\"elementor-widget-wrap\">\n\t\t\t\t\t\t\t<\/div>\n\t\t<\/div>\n\t\t\t\t\t<\/div>\n\t\t<\/section>\n\t\t\t\t<section class=\"elementor-section elementor-top-section elementor-element elementor-element-d05d2c0 elementor-section-stretched elementor-section-content-middle elementor-section-boxed elementor-section-height-default elementor-section-height-default\" data-id=\"d05d2c0\" data-element_type=\"section\" data-settings=\"{&quot;stretch_section&quot;:&quot;section-stretched&quot;,&quot;background_background&quot;:&quot;classic&quot;}\">\n\t\t\t\t\t\t<div class=\"elementor-container elementor-column-gap-default\">\n\t\t\t\t\t<div class=\"elementor-column elementor-col-100 elementor-top-column elementor-element elementor-element-67d8c07\" data-id=\"67d8c07\" data-element_type=\"column\">\n\t\t\t<div class=\"elementor-widget-wrap elementor-element-populated\">\n\t\t\t\t<div class=\"elementor-element elementor-element-88eb36c e-flex e-con-boxed e-con e-parent\" data-id=\"88eb36c\" data-element_type=\"container\" data-settings=\"{&quot;background_background&quot;:&quot;classic&quot;}\">\n\t\t\t\t\t<div class=\"e-con-inner\">\n\t\t\t\t<div class=\"elementor-element elementor-element-6e5fac5 elementor-invisible elementor-widget elementor-widget-text-editor\" data-id=\"6e5fac5\" data-element_type=\"widget\" data-settings=\"{&quot;_animation&quot;:&quot;bounce&quot;}\" data-widget_type=\"text-editor.default\">\n\t\t\t\t<div class=\"elementor-widget-container\">\n\t\t\t\t\t\t\t\t\t<p>PISA | 24 MAGGIO 2024 &#8211; STAZIONE LEOPOLDA (Auditorium)<\/p>\t\t\t\t\t\t\t\t<\/div>\n\t\t\t\t<\/div>\n\t\t\t\t\t<\/div>\n\t\t\t\t<\/div>\n\t\t\t\t<section class=\"elementor-section elementor-inner-section elementor-element elementor-element-a34b6ad elementor-section-content-middle elementor-section-boxed elementor-section-height-default elementor-section-height-default\" data-id=\"a34b6ad\" data-element_type=\"section\">\n\t\t\t\t\t\t<div class=\"elementor-container elementor-column-gap-default\">\n\t\t\t\t\t<div class=\"elementor-column elementor-col-33 elementor-inner-column elementor-element elementor-element-f6bb727\" data-id=\"f6bb727\" data-element_type=\"column\">\n\t\t\t<div class=\"elementor-widget-wrap\">\n\t\t\t\t\t\t\t<\/div>\n\t\t<\/div>\n\t\t\t\t<div class=\"elementor-column elementor-col-33 elementor-inner-column elementor-element elementor-element-be4d1e0\" data-id=\"be4d1e0\" data-element_type=\"column\">\n\t\t\t<div class=\"elementor-widget-wrap elementor-element-populated\">\n\t\t\t\t\t\t<div class=\"elementor-element elementor-element-3cc3704 elementor-widget elementor-widget-image\" data-id=\"3cc3704\" data-element_type=\"widget\" data-widget_type=\"image.default\">\n\t\t\t\t<div class=\"elementor-widget-container\">\n\t\t\t\t\t\t\t\t\t\t\t\t\t\t\t<img fetchpriority=\"high\" decoding=\"async\" width=\"900\" height=\"685\" src=\"https:\/\/roboticafestival.it\/2025\/wp-content\/uploads\/2024\/05\/logo-blu.png\" class=\"attachment-full size-full wp-image-30721\" alt=\"\" srcset=\"https:\/\/roboticafestival.it\/2025\/wp-content\/uploads\/2024\/05\/logo-blu.png 900w, https:\/\/roboticafestival.it\/2025\/wp-content\/uploads\/2024\/05\/logo-blu-300x228.png 300w, https:\/\/roboticafestival.it\/2025\/wp-content\/uploads\/2024\/05\/logo-blu-768x585.png 768w\" sizes=\"(max-width: 900px) 100vw, 900px\" \/>\t\t\t\t\t\t\t\t\t\t\t\t\t\t\t<\/div>\n\t\t\t\t<\/div>\n\t\t\t\t\t<\/div>\n\t\t<\/div>\n\t\t\t\t<div class=\"elementor-column elementor-col-33 elementor-inner-column elementor-element elementor-element-5a274c3\" data-id=\"5a274c3\" data-element_type=\"column\">\n\t\t\t<div class=\"elementor-widget-wrap\">\n\t\t\t\t\t\t\t<\/div>\n\t\t<\/div>\n\t\t\t\t\t<\/div>\n\t\t<\/section>\n\t\t\t\t<section class=\"elementor-section elementor-inner-section elementor-element elementor-element-652cb91 elementor-section-boxed elementor-section-height-default elementor-section-height-default\" data-id=\"652cb91\" data-element_type=\"section\">\n\t\t\t\t\t\t<div class=\"elementor-container elementor-column-gap-default\">\n\t\t\t\t\t<div class=\"elementor-column elementor-col-100 elementor-inner-column elementor-element elementor-element-fc9f67e\" data-id=\"fc9f67e\" data-element_type=\"column\">\n\t\t\t<div class=\"elementor-widget-wrap elementor-element-populated\">\n\t\t\t\t\t\t<div class=\"elementor-element elementor-element-3c97994 elementor-widget elementor-widget-heading\" data-id=\"3c97994\" data-element_type=\"widget\" data-widget_type=\"heading.default\">\n\t\t\t\t<div class=\"elementor-widget-container\">\n\t\t\t\t\t<h3 class=\"elementor-heading-title elementor-size-default\">\u201cRobotica e Automazione per la Salute\u201d - Convegno - Obiettivi e attivit\u00e0 sviluppate nello Spoke 9 del progetto Tuscany Health Ecosystem - THE | PNRR<\/h3>\t\t\t\t<\/div>\n\t\t\t\t<\/div>\n\t\t\t\t<div class=\"elementor-element elementor-element-8b0aa49 elementor-widget elementor-widget-text-editor\" data-id=\"8b0aa49\" data-element_type=\"widget\" data-widget_type=\"text-editor.default\">\n\t\t\t\t<div class=\"elementor-widget-container\">\n\t\t\t\t\t\t\t\t\t<p><strong>Stazione Leopolda (Auditorium)<\/strong><\/p>\t\t\t\t\t\t\t\t<\/div>\n\t\t\t\t<\/div>\n\t\t\t\t\t<\/div>\n\t\t<\/div>\n\t\t\t\t\t<\/div>\n\t\t<\/section>\n\t\t\t\t\t<\/div>\n\t\t<\/div>\n\t\t\t\t\t<\/div>\n\t\t<\/section>\n\t\t\t\t<section class=\"elementor-section elementor-top-section elementor-element elementor-element-48f4c1f elementor-section-stretched elementor-section-content-middle elementor-section-boxed elementor-section-height-default elementor-section-height-default\" data-id=\"48f4c1f\" data-element_type=\"section\" data-settings=\"{&quot;stretch_section&quot;:&quot;section-stretched&quot;,&quot;background_background&quot;:&quot;classic&quot;}\">\n\t\t\t\t\t\t<div class=\"elementor-container elementor-column-gap-default\">\n\t\t\t\t\t<div class=\"elementor-column elementor-col-100 elementor-top-column elementor-element elementor-element-bd2eb50\" data-id=\"bd2eb50\" data-element_type=\"column\">\n\t\t\t<div class=\"elementor-widget-wrap elementor-element-populated\">\n\t\t\t\t\t\t<div class=\"elementor-element elementor-element-bb70835 elementor-widget elementor-widget-rs-heading\" data-id=\"bb70835\" data-element_type=\"widget\" data-widget_type=\"rs-heading.default\">\n\t\t\t\t<div class=\"elementor-widget-container\">\n\t\t\t\t\t\n        <div class=\"prelements-heading water__slide_ default animate-style1 \">\n        \t<div class=\"title-inner\">        \t\t      \t\t\n\t            <span class=\"sub-text \">Robotica e Automazione per la Salute<\/span><h2 class=\"title\"><span class=\"watermark\"><\/span>Programma<\/h2>\t\t\t\t\t\t\t\t\t<div class=\"pre-heading-line1\"><\/div>\n\t\t\t\t\n\t\t\t\t\t        <\/div>\n\t                <\/div>\n        \t\t\t\t<\/div>\n\t\t\t\t<\/div>\n\t\t\t\t<section class=\"elementor-section elementor-inner-section elementor-element elementor-element-09fc9bc elementor-section-height-min-height elementor-section-content-middle elementor-section-boxed elementor-section-height-default\" data-id=\"09fc9bc\" data-element_type=\"section\" data-settings=\"{&quot;background_background&quot;:&quot;classic&quot;}\">\n\t\t\t\t\t\t<div class=\"elementor-container elementor-column-gap-default\">\n\t\t\t\t\t<div class=\"elementor-column elementor-col-100 elementor-inner-column elementor-element elementor-element-32120ec\" data-id=\"32120ec\" data-element_type=\"column\" data-settings=\"{&quot;background_background&quot;:&quot;classic&quot;}\">\n\t\t\t<div class=\"elementor-widget-wrap elementor-element-populated\">\n\t\t\t\t\t\t<div class=\"elementor-element elementor-element-72c0fe9 elementor-widget__width-auto elementor-view-default elementor-widget elementor-widget-icon\" data-id=\"72c0fe9\" data-element_type=\"widget\" data-widget_type=\"icon.default\">\n\t\t\t\t<div class=\"elementor-widget-container\">\n\t\t\t\t\t\t\t<div class=\"elementor-icon-wrapper\">\n\t\t\t<div class=\"elementor-icon\">\n\t\t\t<i aria-hidden=\"true\" class=\"far fa-clock\"><\/i>\t\t\t<\/div>\n\t\t<\/div>\n\t\t\t\t\t\t<\/div>\n\t\t\t\t<\/div>\n\t\t\t\t<div class=\"elementor-element elementor-element-3d5534f elementor-widget__width-auto elementor-widget elementor-widget-heading\" data-id=\"3d5534f\" data-element_type=\"widget\" data-widget_type=\"heading.default\">\n\t\t\t\t<div class=\"elementor-widget-container\">\n\t\t\t\t\t<h2 class=\"elementor-heading-title elementor-size-default\">13:30 - 16:00 c\/o Stazione Leopolda (Auditorium)<\/h2>\t\t\t\t<\/div>\n\t\t\t\t<\/div>\n\t\t\t\t\t<\/div>\n\t\t<\/div>\n\t\t\t\t\t<\/div>\n\t\t<\/section>\n\t\t\t\t<div class=\"elementor-element elementor-element-c7f25fc elementor-widget elementor-widget-text-editor\" data-id=\"c7f25fc\" data-element_type=\"widget\" data-widget_type=\"text-editor.default\">\n\t\t\t\t<div class=\"elementor-widget-container\">\n\t\t\t\t\t\t\t\t\t<p><span style=\"font-weight: 400;\">La mission di Tuscany Health Ecosystem (THE) \u00e8 fare della Toscana la &#8220;regione della salute&#8221; spingendo la ricerca verso le applicazioni e le aziende per far crescere le tecnologie dedicate alla salute e al benessere.<\/span><\/p><p><span style=\"font-weight: 400;\">Durante l\u2019evento saranno presentati gli obiettivi delle 19 attivit\u00e0 previste nello Spoke 9 e il loro stato d\u2019avanzamento in merito allo sviluppo e applicazione di sistemi robotici e intelligenti per le attivit\u00e0 cliniche, ai sistemi assistivi e riabilitativi e all\u2019automazione per gli ospedali e per l\u2019industria farmaceutica.<\/span><\/p><p><span style=\"font-weight: 400;\">Un susseguirsi di brevi presentazioni da parte di ricercatori degli Atenei Toscani (Universit\u00e0 di Pisa, Universit\u00e0 di Firenze, Universit\u00e0 di Siena, Scuola Superiore S.Anna) ed esperti di R&amp;D di vivaci aziende del settore (IUVO, Medea, Orthokey, qbrobotics Wearable Robotics, WEART) forniranno alla platea il quadro sui risultati e sulle potenzialit\u00e0 presenti in Toscana in questo settore.<\/span><\/p><p><span style=\"font-weight: 400;\">Sito Internet dello Spoke<\/span><b>: <\/b><a href=\"http:\/\/the_spoke9.unipi.it\/\"><b>http:\/\/the_spoke9.unipi.it\/<\/b><\/a><\/p><p>Evento aperto al pubblico a cura di <strong>Vincenzo Ferrari<\/strong>, Professore dell&#8217;Universit\u00e0 di Pisa.<\/p>\t\t\t\t\t\t\t\t<\/div>\n\t\t\t\t<\/div>\n\t\t\t\t<div class=\"elementor-element elementor-element-79f1399 elementor-widget elementor-widget-image\" data-id=\"79f1399\" data-element_type=\"widget\" data-widget_type=\"image.default\">\n\t\t\t\t<div class=\"elementor-widget-container\">\n\t\t\t\t\t\t\t\t\t\t\t\t\t\t\t<img decoding=\"async\" width=\"640\" height=\"164\" src=\"https:\/\/roboticafestival.it\/2025\/wp-content\/uploads\/2024\/05\/351a030f-b816-479e-b4b9-0bb3c893b3ac-1024x262.png\" class=\"attachment-large size-large wp-image-30924\" alt=\"\" srcset=\"https:\/\/roboticafestival.it\/2025\/wp-content\/uploads\/2024\/05\/351a030f-b816-479e-b4b9-0bb3c893b3ac-1024x262.png 1024w, https:\/\/roboticafestival.it\/2025\/wp-content\/uploads\/2024\/05\/351a030f-b816-479e-b4b9-0bb3c893b3ac-300x77.png 300w, https:\/\/roboticafestival.it\/2025\/wp-content\/uploads\/2024\/05\/351a030f-b816-479e-b4b9-0bb3c893b3ac-768x197.png 768w, https:\/\/roboticafestival.it\/2025\/wp-content\/uploads\/2024\/05\/351a030f-b816-479e-b4b9-0bb3c893b3ac-1536x394.png 1536w, https:\/\/roboticafestival.it\/2025\/wp-content\/uploads\/2024\/05\/351a030f-b816-479e-b4b9-0bb3c893b3ac.png 1600w\" sizes=\"(max-width: 640px) 100vw, 640px\" \/>\t\t\t\t\t\t\t\t\t\t\t\t\t\t\t<\/div>\n\t\t\t\t<\/div>\n\t\t\t\t<section class=\"elementor-section elementor-inner-section elementor-element elementor-element-c2d8931 elementor-section-height-min-height elementor-section-content-middle elementor-section-boxed elementor-section-height-default\" data-id=\"c2d8931\" data-element_type=\"section\" data-settings=\"{&quot;background_background&quot;:&quot;classic&quot;}\">\n\t\t\t\t\t\t<div class=\"elementor-container elementor-column-gap-default\">\n\t\t\t\t\t<div class=\"elementor-column elementor-col-100 elementor-inner-column elementor-element elementor-element-9550450\" data-id=\"9550450\" data-element_type=\"column\">\n\t\t\t<div class=\"elementor-widget-wrap elementor-element-populated\">\n\t\t\t\t\t\t<div class=\"elementor-element elementor-element-000460a elementor-align-center elementor-hidden-desktop elementor-hidden-tablet elementor-hidden-mobile elementor-widget elementor-widget-button\" data-id=\"000460a\" data-element_type=\"widget\" data-widget_type=\"button.default\">\n\t\t\t\t<div class=\"elementor-widget-container\">\n\t\t\t\t\t\t\t\t\t<div class=\"elementor-button-wrapper\">\n\t\t\t\t\t<a class=\"elementor-button elementor-button-link elementor-size-md\" href=\"https:\/\/teams.microsoft.com\/l\/meetupjoin\/19%3ameeting_MDNiMzQ0MGUtZWEzZi00MTI5LTljNjktODllZGQ0OGQwYzQ4%40thread.v2\/0?context=%7b%22Tid%22%3a%22d97360e3-138d-4b5f-956f-a646c364a01e%22%2c%22Oid%22%3a%22c156ece0-bfd2-4dec-a1f7-0c884b01f150%22%7d\" target=\"_blank\">\n\t\t\t\t\t\t<span class=\"elementor-button-content-wrapper\">\n\t\t\t\t\t\t\t\t\t<span class=\"elementor-button-text\">Live Streaming Sessione Plenaria<\/span>\n\t\t\t\t\t<\/span>\n\t\t\t\t\t<\/a>\n\t\t\t\t<\/div>\n\t\t\t\t\t\t\t\t<\/div>\n\t\t\t\t<\/div>\n\t\t\t\t\t<\/div>\n\t\t<\/div>\n\t\t\t\t\t<\/div>\n\t\t<\/section>\n\t\t\t\t\t<\/div>\n\t\t<\/div>\n\t\t\t\t\t<\/div>\n\t\t<\/section>\n\t\t\t\t<\/div>\n\t\t","protected":false},"excerpt":{"rendered":"<p>RoboticaRobotica e Automazione per la Salute PISA | 24 MAGGIO 2024 &#8211; STAZIONE LEOPOLDA (Auditorium) \u201cRobotica e Automazione per la Salute\u201d &#8211; Convegno &#8211; Obiettivi e attivit\u00e0 sviluppate nello Spoke 9 del progetto Tuscany Health Ecosystem &#8211; THE | PNRR Stazione Leopolda (Auditorium) Robotica e Automazione per la Salute Programma 13:30 &#8211; 16:00 c\/o Stazione&#8230;<\/p>\n","protected":false},"author":3,"featured_media":0,"parent":0,"menu_order":0,"comment_status":"closed","ping_status":"closed","template":"","meta":{"_acf_changed":false,"footnotes":""},"class_list":["post-30922","page","type-page","status-publish","hentry"],"acf":[],"yoast_head":"<!-- This site is optimized with the Yoast SEO plugin v24.7 - https:\/\/yoast.com\/wordpress\/plugins\/seo\/ -->\n<title>Robotica e Automazione per la Salute - Festival della Robotica<\/title>\n<meta name=\"robots\" content=\"index, follow, max-snippet:-1, max-image-preview:large, max-video-preview:-1\" \/>\n<link rel=\"canonical\" href=\"https:\/\/roboticafestival.it\/2025\/robotica-e-automazione-per-la-salute\/\" \/>\n<meta property=\"og:locale\" content=\"it_IT\" \/>\n<meta property=\"og:type\" content=\"article\" \/>\n<meta property=\"og:title\" content=\"Robotica e Automazione per la Salute - Festival della Robotica\" \/>\n<meta property=\"og:description\" content=\"RoboticaRobotica e Automazione per la Salute PISA | 24 MAGGIO 2024 &#8211; STAZIONE LEOPOLDA (Auditorium) \u201cRobotica e Automazione per la Salute\u201d &#8211; Convegno &#8211; Obiettivi e attivit\u00e0 sviluppate nello Spoke 9 del progetto Tuscany Health Ecosystem &#8211; THE | PNRR Stazione Leopolda (Auditorium) Robotica e Automazione per la Salute Programma 13:30 &#8211; 16:00 c\/o Stazione...\" \/>\n<meta property=\"og:url\" content=\"https:\/\/roboticafestival.it\/2025\/robotica-e-automazione-per-la-salute\/\" \/>\n<meta property=\"og:site_name\" content=\"Festival della Robotica\" \/>\n<meta property=\"article:publisher\" content=\"https:\/\/www.facebook.com\/roboticsfestivalpisa\/\" \/>\n<meta property=\"article:modified_time\" content=\"2024-05-16T13:53:58+00:00\" \/>\n<meta property=\"og:image\" content=\"https:\/\/roboticafestival.it\/2025\/wp-content\/uploads\/2024\/05\/logo-blu.png\" \/>\n<meta name=\"twitter:card\" content=\"summary_large_image\" \/>\n<meta name=\"twitter:label1\" content=\"Tempo di lettura stimato\" \/>\n\t<meta name=\"twitter:data1\" content=\"2 minuti\" \/>\n<script type=\"application\/ld+json\" class=\"yoast-schema-graph\">{\"@context\":\"https:\/\/schema.org\",\"@graph\":[{\"@type\":\"WebPage\",\"@id\":\"https:\/\/roboticafestival.it\/2025\/robotica-e-automazione-per-la-salute\/\",\"url\":\"https:\/\/roboticafestival.it\/2025\/robotica-e-automazione-per-la-salute\/\",\"name\":\"Robotica e Automazione per la Salute - Festival della Robotica\",\"isPartOf\":{\"@id\":\"https:\/\/roboticafestival.it\/2025\/#website\"},\"primaryImageOfPage\":{\"@id\":\"https:\/\/roboticafestival.it\/2025\/robotica-e-automazione-per-la-salute\/#primaryimage\"},\"image\":{\"@id\":\"https:\/\/roboticafestival.it\/2025\/robotica-e-automazione-per-la-salute\/#primaryimage\"},\"thumbnailUrl\":\"https:\/\/roboticafestival.it\/2025\/wp-content\/uploads\/2024\/05\/logo-blu.png\",\"datePublished\":\"2024-05-16T10:57:25+00:00\",\"dateModified\":\"2024-05-16T13:53:58+00:00\",\"breadcrumb\":{\"@id\":\"https:\/\/roboticafestival.it\/2025\/robotica-e-automazione-per-la-salute\/#breadcrumb\"},\"inLanguage\":\"it-IT\",\"potentialAction\":[{\"@type\":\"ReadAction\",\"target\":[\"https:\/\/roboticafestival.it\/2025\/robotica-e-automazione-per-la-salute\/\"]}]},{\"@type\":\"ImageObject\",\"inLanguage\":\"it-IT\",\"@id\":\"https:\/\/roboticafestival.it\/2025\/robotica-e-automazione-per-la-salute\/#primaryimage\",\"url\":\"https:\/\/roboticafestival.it\/2025\/wp-content\/uploads\/2024\/05\/logo-blu.png\",\"contentUrl\":\"https:\/\/roboticafestival.it\/2025\/wp-content\/uploads\/2024\/05\/logo-blu.png\",\"width\":900,\"height\":685},{\"@type\":\"BreadcrumbList\",\"@id\":\"https:\/\/roboticafestival.it\/2025\/robotica-e-automazione-per-la-salute\/#breadcrumb\",\"itemListElement\":[{\"@type\":\"ListItem\",\"position\":1,\"name\":\"Home\",\"item\":\"https:\/\/roboticafestival.it\/2025\/\"},{\"@type\":\"ListItem\",\"position\":2,\"name\":\"Robotica e Automazione per la Salute\"}]},{\"@type\":\"WebSite\",\"@id\":\"https:\/\/roboticafestival.it\/2025\/#website\",\"url\":\"https:\/\/roboticafestival.it\/2025\/\",\"name\":\"Festival della Robotica\",\"description\":\"Evento di divulgazione scientifica del mondo della tecnologia e dell&#039;innovazione\",\"publisher\":{\"@id\":\"https:\/\/roboticafestival.it\/2025\/#organization\"},\"potentialAction\":[{\"@type\":\"SearchAction\",\"target\":{\"@type\":\"EntryPoint\",\"urlTemplate\":\"https:\/\/roboticafestival.it\/2025\/?s={search_term_string}\"},\"query-input\":{\"@type\":\"PropertyValueSpecification\",\"valueRequired\":true,\"valueName\":\"search_term_string\"}}],\"inLanguage\":\"it-IT\"},{\"@type\":\"Organization\",\"@id\":\"https:\/\/roboticafestival.it\/2025\/#organization\",\"name\":\"Festival della Robotica\",\"url\":\"https:\/\/roboticafestival.it\/2025\/\",\"logo\":{\"@type\":\"ImageObject\",\"inLanguage\":\"it-IT\",\"@id\":\"https:\/\/roboticafestival.it\/2025\/#\/schema\/logo\/image\/\",\"url\":\"https:\/\/roboticafestival.it\/2025\/wp-content\/uploads\/2023\/04\/logo-blue.png\",\"contentUrl\":\"https:\/\/roboticafestival.it\/2025\/wp-content\/uploads\/2023\/04\/logo-blue.png\",\"width\":900,\"height\":685,\"caption\":\"Festival della Robotica\"},\"image\":{\"@id\":\"https:\/\/roboticafestival.it\/2025\/#\/schema\/logo\/image\/\"},\"sameAs\":[\"https:\/\/www.facebook.com\/roboticsfestivalpisa\/\",\"https:\/\/www.instagram.com\/roboticspisa\/\"]}]}<\/script>\n<!-- \/ Yoast SEO plugin. -->","yoast_head_json":{"title":"Robotica e Automazione per la Salute - Festival della Robotica","robots":{"index":"index","follow":"follow","max-snippet":"max-snippet:-1","max-image-preview":"max-image-preview:large","max-video-preview":"max-video-preview:-1"},"canonical":"https:\/\/roboticafestival.it\/2025\/robotica-e-automazione-per-la-salute\/","og_locale":"it_IT","og_type":"article","og_title":"Robotica e Automazione per la Salute - Festival della Robotica","og_description":"RoboticaRobotica e Automazione per la Salute PISA | 24 MAGGIO 2024 &#8211; STAZIONE LEOPOLDA (Auditorium) \u201cRobotica e Automazione per la Salute\u201d &#8211; Convegno &#8211; Obiettivi e attivit\u00e0 sviluppate nello Spoke 9 del progetto Tuscany Health Ecosystem &#8211; THE | PNRR Stazione Leopolda (Auditorium) Robotica e Automazione per la Salute Programma 13:30 &#8211; 16:00 c\/o Stazione...","og_url":"https:\/\/roboticafestival.it\/2025\/robotica-e-automazione-per-la-salute\/","og_site_name":"Festival della Robotica","article_publisher":"https:\/\/www.facebook.com\/roboticsfestivalpisa\/","article_modified_time":"2024-05-16T13:53:58+00:00","og_image":[{"url":"https:\/\/roboticafestival.it\/2025\/wp-content\/uploads\/2024\/05\/logo-blu.png","type":"","width":"","height":""}],"twitter_card":"summary_large_image","twitter_misc":{"Tempo di lettura stimato":"2 minuti"},"schema":{"@context":"https:\/\/schema.org","@graph":[{"@type":"WebPage","@id":"https:\/\/roboticafestival.it\/2025\/robotica-e-automazione-per-la-salute\/","url":"https:\/\/roboticafestival.it\/2025\/robotica-e-automazione-per-la-salute\/","name":"Robotica e Automazione per la Salute - Festival della Robotica","isPartOf":{"@id":"https:\/\/roboticafestival.it\/2025\/#website"},"primaryImageOfPage":{"@id":"https:\/\/roboticafestival.it\/2025\/robotica-e-automazione-per-la-salute\/#primaryimage"},"image":{"@id":"https:\/\/roboticafestival.it\/2025\/robotica-e-automazione-per-la-salute\/#primaryimage"},"thumbnailUrl":"https:\/\/roboticafestival.it\/2025\/wp-content\/uploads\/2024\/05\/logo-blu.png","datePublished":"2024-05-16T10:57:25+00:00","dateModified":"2024-05-16T13:53:58+00:00","breadcrumb":{"@id":"https:\/\/roboticafestival.it\/2025\/robotica-e-automazione-per-la-salute\/#breadcrumb"},"inLanguage":"it-IT","potentialAction":[{"@type":"ReadAction","target":["https:\/\/roboticafestival.it\/2025\/robotica-e-automazione-per-la-salute\/"]}]},{"@type":"ImageObject","inLanguage":"it-IT","@id":"https:\/\/roboticafestival.it\/2025\/robotica-e-automazione-per-la-salute\/#primaryimage","url":"https:\/\/roboticafestival.it\/2025\/wp-content\/uploads\/2024\/05\/logo-blu.png","contentUrl":"https:\/\/roboticafestival.it\/2025\/wp-content\/uploads\/2024\/05\/logo-blu.png","width":900,"height":685},{"@type":"BreadcrumbList","@id":"https:\/\/roboticafestival.it\/2025\/robotica-e-automazione-per-la-salute\/#breadcrumb","itemListElement":[{"@type":"ListItem","position":1,"name":"Home","item":"https:\/\/roboticafestival.it\/2025\/"},{"@type":"ListItem","position":2,"name":"Robotica e Automazione per la Salute"}]},{"@type":"WebSite","@id":"https:\/\/roboticafestival.it\/2025\/#website","url":"https:\/\/roboticafestival.it\/2025\/","name":"Festival della Robotica","description":"Evento di divulgazione scientifica del mondo della tecnologia e dell&#039;innovazione","publisher":{"@id":"https:\/\/roboticafestival.it\/2025\/#organization"},"potentialAction":[{"@type":"SearchAction","target":{"@type":"EntryPoint","urlTemplate":"https:\/\/roboticafestival.it\/2025\/?s={search_term_string}"},"query-input":{"@type":"PropertyValueSpecification","valueRequired":true,"valueName":"search_term_string"}}],"inLanguage":"it-IT"},{"@type":"Organization","@id":"https:\/\/roboticafestival.it\/2025\/#organization","name":"Festival della Robotica","url":"https:\/\/roboticafestival.it\/2025\/","logo":{"@type":"ImageObject","inLanguage":"it-IT","@id":"https:\/\/roboticafestival.it\/2025\/#\/schema\/logo\/image\/","url":"https:\/\/roboticafestival.it\/2025\/wp-content\/uploads\/2023\/04\/logo-blue.png","contentUrl":"https:\/\/roboticafestival.it\/2025\/wp-content\/uploads\/2023\/04\/logo-blue.png","width":900,"height":685,"caption":"Festival della Robotica"},"image":{"@id":"https:\/\/roboticafestival.it\/2025\/#\/schema\/logo\/image\/"},"sameAs":["https:\/\/www.facebook.com\/roboticsfestivalpisa\/","https:\/\/www.instagram.com\/roboticspisa\/"]}]}},"_links":{"self":[{"href":"https:\/\/roboticafestival.it\/2025\/wp-json\/wp\/v2\/pages\/30922","targetHints":{"allow":["GET"]}}],"collection":[{"href":"https:\/\/roboticafestival.it\/2025\/wp-json\/wp\/v2\/pages"}],"about":[{"href":"https:\/\/roboticafestival.it\/2025\/wp-json\/wp\/v2\/types\/page"}],"author":[{"embeddable":true,"href":"https:\/\/roboticafestival.it\/2025\/wp-json\/wp\/v2\/users\/3"}],"replies":[{"embeddable":true,"href":"https:\/\/roboticafestival.it\/2025\/wp-json\/wp\/v2\/comments?post=30922"}],"version-history":[{"count":16,"href":"https:\/\/roboticafestival.it\/2025\/wp-json\/wp\/v2\/pages\/30922\/revisions"}],"predecessor-version":[{"id":30984,"href":"https:\/\/roboticafestival.it\/2025\/wp-json\/wp\/v2\/pages\/30922\/revisions\/30984"}],"wp:attachment":[{"href":"https:\/\/roboticafestival.it\/2025\/wp-json\/wp\/v2\/media?parent=30922"}],"curies":[{"name":"wp","href":"https:\/\/api.w.org\/{rel}","templated":true}]}}